{"id":11,"date":"2016-02-29T18:58:46","date_gmt":"2016-02-29T18:58:46","guid":{"rendered":"http:\/\/escoladeesteticaavpaulista.com.br\/?page_id=11"},"modified":"2025-07-31T17:11:06","modified_gmt":"2025-07-31T17:11:06","slug":"cursos","status":"publish","type":"page","link":"https:\/\/old.escoladeesteticaavpaulista.com.br\/v1\/cursos\/","title":{"rendered":"Cursos na Escola de Est\u00e9tica Av. Paulista"},"content":{"rendered":"<p>Destaque-se no mercado, conquiste clientes e agregue conhecimento na sua \u00e1rea de atua\u00e7\u00e3o com cursos de Est\u00e9tica e Beleza completos.<\/p>\n","protected":false},"excerpt":{"rendered":"<p>Destaque-se no mercado, conquiste clientes e agregue conhecimento na sua \u00e1rea de atua\u00e7\u00e3o com cursos de Est\u00e9tica e Beleza completos.<\/p>\n","protected":false},"author":1,"featured_media":0,"parent":0,"menu_order":0,"comment_status":"closed","ping_status":"closed","template":"","meta":{"inline_featured_image":false,"footnotes":""},"class_list":["post-11","page","type-page","status-publish","hentry"],"acf":[],"yoast_head":"<!-- This site is optimized with the Yoast SEO plugin v27.2 - https:\/\/yoast.com\/product\/yoast-seo-wordpress\/ -->\n<title>Cursos | Escola de Est\u00e9tica Av. Paulista<\/title>\n<meta name=\"description\" content=\"Cursos: aprenda procedimentos est\u00e9ticos na pr\u00e1tica e com quem tem viv\u00eancia na \u00e1rea da beleza e bem-estar. Cursos de curta dura\u00e7\u00e3o, com t\u00e9c...\" \/>\n<meta name=\"robots\" content=\"noindex, follow, max-snippet:-1, max-image-preview:large, max-video-preview:-1\" \/>\n<meta property=\"og:locale\" content=\"pt_BR\" \/>\n<meta property=\"og:type\" content=\"article\" \/>\n<meta property=\"og:title\" content=\"Cursos | Escola de Est\u00e9tica Av. Paulista\" \/>\n<meta property=\"og:description\" content=\"Cursos: aprenda procedimentos est\u00e9ticos na pr\u00e1tica e com quem tem viv\u00eancia na \u00e1rea da beleza e bem-estar. Cursos de curta dura\u00e7\u00e3o, com t\u00e9c...\" \/>\n<meta property=\"og:url\" content=\"https:\/\/old.escoladeesteticaavpaulista.com.br\/v1\/cursos\/\" \/>\n<meta property=\"og:site_name\" content=\"Escola de Est\u00e9tica Av. Paulista\" \/>\n<meta property=\"article:modified_time\" content=\"2025-07-31T17:11:06+00:00\" \/>\n<meta name=\"twitter:card\" content=\"summary_large_image\" \/>\n<meta name=\"twitter:label1\" content=\"Est. tempo de leitura\" \/>\n\t<meta name=\"twitter:data1\" content=\"1 minuto\" \/>\n<script type=\"application\/ld+json\" class=\"yoast-schema-graph\">{\"@context\":\"https:\/\/schema.org\",\"@graph\":[{\"@type\":\"WebPage\",\"@id\":\"https:\/\/old.escoladeesteticaavpaulista.com.br\/v1\/cursos\/\",\"url\":\"https:\/\/old.escoladeesteticaavpaulista.com.br\/v1\/cursos\/\",\"name\":\"Cursos | Escola de Est\u00e9tica Av. Paulista\",\"isPartOf\":{\"@id\":\"https:\/\/old.escoladeesteticaavpaulista.com.br\/v1\/#website\"},\"datePublished\":\"2016-02-29T18:58:46+00:00\",\"dateModified\":\"2025-07-31T17:11:06+00:00\",\"description\":\"Cursos: aprenda procedimentos est\u00e9ticos na pr\u00e1tica e com quem tem viv\u00eancia na \u00e1rea da beleza e bem-estar. Cursos de curta dura\u00e7\u00e3o, com t\u00e9c...\",\"breadcrumb\":{\"@id\":\"https:\/\/old.escoladeesteticaavpaulista.com.br\/v1\/cursos\/#breadcrumb\"},\"inLanguage\":\"pt-BR\",\"potentialAction\":[{\"@type\":\"ReadAction\",\"target\":[\"https:\/\/old.escoladeesteticaavpaulista.com.br\/v1\/cursos\/\"]}]},{\"@type\":\"BreadcrumbList\",\"@id\":\"https:\/\/old.escoladeesteticaavpaulista.com.br\/v1\/cursos\/#breadcrumb\",\"itemListElement\":[{\"@type\":\"ListItem\",\"position\":1,\"name\":\"Home\",\"item\":\"https:\/\/old.escoladeesteticaavpaulista.com.br\/v1\/\"},{\"@type\":\"ListItem\",\"position\":2,\"name\":\"Cursos na Escola de Est\u00e9tica Av. Paulista\"}]},{\"@type\":\"WebSite\",\"@id\":\"https:\/\/old.escoladeesteticaavpaulista.com.br\/v1\/#website\",\"url\":\"https:\/\/old.escoladeesteticaavpaulista.com.br\/v1\/\",\"name\":\"Escola de Est\u00e9tica Av. Paulista\",\"description\":\"Escola de Est\u00e9tica Av. Paulista\",\"potentialAction\":[{\"@type\":\"SearchAction\",\"target\":{\"@type\":\"EntryPoint\",\"urlTemplate\":\"https:\/\/old.escoladeesteticaavpaulista.com.br\/v1\/?s={search_term_string}\"},\"query-input\":{\"@type\":\"PropertyValueSpecification\",\"valueRequired\":true,\"valueName\":\"search_term_string\"}}],\"inLanguage\":\"pt-BR\"}]}<\/script>\n<!-- \/ Yoast SEO plugin. -->","yoast_head_json":{"title":"Cursos | Escola de Est\u00e9tica Av. Paulista","description":"Cursos: aprenda procedimentos est\u00e9ticos na pr\u00e1tica e com quem tem viv\u00eancia na \u00e1rea da beleza e bem-estar. Cursos de curta dura\u00e7\u00e3o, com t\u00e9c...","robots":{"index":"noindex","follow":"follow","max-snippet":"max-snippet:-1","max-image-preview":"max-image-preview:large","max-video-preview":"max-video-preview:-1"},"og_locale":"pt_BR","og_type":"article","og_title":"Cursos | Escola de Est\u00e9tica Av. Paulista","og_description":"Cursos: aprenda procedimentos est\u00e9ticos na pr\u00e1tica e com quem tem viv\u00eancia na \u00e1rea da beleza e bem-estar. Cursos de curta dura\u00e7\u00e3o, com t\u00e9c...","og_url":"https:\/\/old.escoladeesteticaavpaulista.com.br\/v1\/cursos\/","og_site_name":"Escola de Est\u00e9tica Av. Paulista","article_modified_time":"2025-07-31T17:11:06+00:00","twitter_card":"summary_large_image","twitter_misc":{"Est. tempo de leitura":"1 minuto"},"schema":{"@context":"https:\/\/schema.org","@graph":[{"@type":"WebPage","@id":"https:\/\/old.escoladeesteticaavpaulista.com.br\/v1\/cursos\/","url":"https:\/\/old.escoladeesteticaavpaulista.com.br\/v1\/cursos\/","name":"Cursos | Escola de Est\u00e9tica Av. Paulista","isPartOf":{"@id":"https:\/\/old.escoladeesteticaavpaulista.com.br\/v1\/#website"},"datePublished":"2016-02-29T18:58:46+00:00","dateModified":"2025-07-31T17:11:06+00:00","description":"Cursos: aprenda procedimentos est\u00e9ticos na pr\u00e1tica e com quem tem viv\u00eancia na \u00e1rea da beleza e bem-estar. Cursos de curta dura\u00e7\u00e3o, com t\u00e9c...","breadcrumb":{"@id":"https:\/\/old.escoladeesteticaavpaulista.com.br\/v1\/cursos\/#breadcrumb"},"inLanguage":"pt-BR","potentialAction":[{"@type":"ReadAction","target":["https:\/\/old.escoladeesteticaavpaulista.com.br\/v1\/cursos\/"]}]},{"@type":"BreadcrumbList","@id":"https:\/\/old.escoladeesteticaavpaulista.com.br\/v1\/cursos\/#breadcrumb","itemListElement":[{"@type":"ListItem","position":1,"name":"Home","item":"https:\/\/old.escoladeesteticaavpaulista.com.br\/v1\/"},{"@type":"ListItem","position":2,"name":"Cursos na Escola de Est\u00e9tica Av. Paulista"}]},{"@type":"WebSite","@id":"https:\/\/old.escoladeesteticaavpaulista.com.br\/v1\/#website","url":"https:\/\/old.escoladeesteticaavpaulista.com.br\/v1\/","name":"Escola de Est\u00e9tica Av. Paulista","description":"Escola de Est\u00e9tica Av. Paulista","potentialAction":[{"@type":"SearchAction","target":{"@type":"EntryPoint","urlTemplate":"https:\/\/old.escoladeesteticaavpaulista.com.br\/v1\/?s={search_term_string}"},"query-input":{"@type":"PropertyValueSpecification","valueRequired":true,"valueName":"search_term_string"}}],"inLanguage":"pt-BR"}]}},"_links":{"self":[{"href":"https:\/\/old.escoladeesteticaavpaulista.com.br\/v1\/wp-json\/wp\/v2\/pages\/11","targetHints":{"allow":["GET"]}}],"collection":[{"href":"https:\/\/old.escoladeesteticaavpaulista.com.br\/v1\/wp-json\/wp\/v2\/pages"}],"about":[{"href":"https:\/\/old.escoladeesteticaavpaulista.com.br\/v1\/wp-json\/wp\/v2\/types\/page"}],"author":[{"embeddable":true,"href":"https:\/\/old.escoladeesteticaavpaulista.com.br\/v1\/wp-json\/wp\/v2\/users\/1"}],"replies":[{"embeddable":true,"href":"https:\/\/old.escoladeesteticaavpaulista.com.br\/v1\/wp-json\/wp\/v2\/comments?post=11"}],"version-history":[{"count":13,"href":"https:\/\/old.escoladeesteticaavpaulista.com.br\/v1\/wp-json\/wp\/v2\/pages\/11\/revisions"}],"predecessor-version":[{"id":586,"href":"https:\/\/old.escoladeesteticaavpaulista.com.br\/v1\/wp-json\/wp\/v2\/pages\/11\/revisions\/586"}],"wp:attachment":[{"href":"https:\/\/old.escoladeesteticaavpaulista.com.br\/v1\/wp-json\/wp\/v2\/media?parent=11"}],"curies":[{"name":"wp","href":"https:\/\/api.w.org\/{rel}","templated":true}]}}