{"id":16,"date":"2016-02-29T18:59:32","date_gmt":"2016-02-29T18:59:32","guid":{"rendered":"http:\/\/escoladeesteticaavpaulista.com.br\/?page_id=16"},"modified":"2025-04-26T15:39:16","modified_gmt":"2025-04-26T15:39:16","slug":"contato","status":"publish","type":"page","link":"https:\/\/old.escoladeesteticaavpaulista.com.br\/v1\/contato\/","title":{"rendered":"Contato"},"content":{"rendered":"<p><span style=\"font-weight: 400;\">Para mais informa\u00e7\u00f5es nos envie um Whatsapp <b>(11) 94221-3240<\/b>\u00a0ou ligue <\/span><b>(11) 3014-2806 <\/b><span style=\"font-weight: 400;\">ou nos envie uma mensagem.<\/span><\/p>\n","protected":false},"excerpt":{"rendered":"<p>Para mais informa\u00e7\u00f5es nos envie um Whatsapp (11) 94221-3240\u00a0ou ligue (11) 3014-2806 ou nos envie uma mensagem.<\/p>\n","protected":false},"author":1,"featured_media":0,"parent":0,"menu_order":0,"comment_status":"closed","ping_status":"closed","template":"","meta":{"inline_featured_image":false,"footnotes":""},"class_list":["post-16","page","type-page","status-publish","hentry"],"acf":[],"yoast_head":"<!-- This site is optimized with the Yoast SEO plugin v27.2 - https:\/\/yoast.com\/product\/yoast-seo-wordpress\/ -->\n<title>Contato | Escola de Est\u00e9tica Av. Paulista<\/title>\n<meta name=\"description\" content=\"Aprenda procedimentos est\u00e9ticos na pr\u00e1tica e com quem tem viv\u00eancia na \u00e1rea da beleza e bem-estar. Cursos de curta dura\u00e7\u00e3o, com t\u00e9cnicas aprofundadas, atuais e f\u00e1cil Localiza\u00e7\u00e3o na Avenida Paulista, ao lado do Metr\u00f4 Consola\u00e7\u00e3o.\" \/>\n<meta name=\"robots\" content=\"noindex, follow, max-snippet:-1, max-image-preview:large, max-video-preview:-1\" \/>\n<meta property=\"og:locale\" content=\"pt_BR\" \/>\n<meta property=\"og:type\" content=\"article\" \/>\n<meta property=\"og:title\" content=\"Contato | Escola de Est\u00e9tica Av. Paulista\" \/>\n<meta property=\"og:description\" content=\"Aprenda procedimentos est\u00e9ticos na pr\u00e1tica e com quem tem viv\u00eancia na \u00e1rea da beleza e bem-estar. Cursos de curta dura\u00e7\u00e3o, com t\u00e9cnicas aprofundadas, atuais e f\u00e1cil Localiza\u00e7\u00e3o na Avenida Paulista, ao lado do Metr\u00f4 Consola\u00e7\u00e3o.\" \/>\n<meta property=\"og:url\" content=\"https:\/\/old.escoladeesteticaavpaulista.com.br\/v1\/contato\/\" \/>\n<meta property=\"og:site_name\" content=\"Escola de Est\u00e9tica Av. Paulista\" \/>\n<meta property=\"article:modified_time\" content=\"2025-04-26T15:39:16+00:00\" \/>\n<meta name=\"twitter:card\" content=\"summary_large_image\" \/>\n<meta name=\"twitter:label1\" content=\"Est. tempo de leitura\" \/>\n\t<meta name=\"twitter:data1\" content=\"1 minuto\" \/>\n<script type=\"application\/ld+json\" class=\"yoast-schema-graph\">{\"@context\":\"https:\/\/schema.org\",\"@graph\":[{\"@type\":\"WebPage\",\"@id\":\"https:\/\/old.escoladeesteticaavpaulista.com.br\/v1\/contato\/\",\"url\":\"https:\/\/old.escoladeesteticaavpaulista.com.br\/v1\/contato\/\",\"name\":\"Contato | Escola de Est\u00e9tica Av. Paulista\",\"isPartOf\":{\"@id\":\"https:\/\/old.escoladeesteticaavpaulista.com.br\/v1\/#website\"},\"datePublished\":\"2016-02-29T18:59:32+00:00\",\"dateModified\":\"2025-04-26T15:39:16+00:00\",\"description\":\"Aprenda procedimentos est\u00e9ticos na pr\u00e1tica e com quem tem viv\u00eancia na \u00e1rea da beleza e bem-estar. Cursos de curta dura\u00e7\u00e3o, com t\u00e9cnicas aprofundadas, atuais e f\u00e1cil Localiza\u00e7\u00e3o na Avenida Paulista, ao lado do Metr\u00f4 Consola\u00e7\u00e3o.\",\"breadcrumb\":{\"@id\":\"https:\/\/old.escoladeesteticaavpaulista.com.br\/v1\/contato\/#breadcrumb\"},\"inLanguage\":\"pt-BR\",\"potentialAction\":[{\"@type\":\"ReadAction\",\"target\":[\"https:\/\/old.escoladeesteticaavpaulista.com.br\/v1\/contato\/\"]}]},{\"@type\":\"BreadcrumbList\",\"@id\":\"https:\/\/old.escoladeesteticaavpaulista.com.br\/v1\/contato\/#breadcrumb\",\"itemListElement\":[{\"@type\":\"ListItem\",\"position\":1,\"name\":\"Home\",\"item\":\"https:\/\/old.escoladeesteticaavpaulista.com.br\/v1\/\"},{\"@type\":\"ListItem\",\"position\":2,\"name\":\"Contato\"}]},{\"@type\":\"WebSite\",\"@id\":\"https:\/\/old.escoladeesteticaavpaulista.com.br\/v1\/#website\",\"url\":\"https:\/\/old.escoladeesteticaavpaulista.com.br\/v1\/\",\"name\":\"Escola de Est\u00e9tica Av. Paulista\",\"description\":\"Escola de Est\u00e9tica Av. Paulista\",\"potentialAction\":[{\"@type\":\"SearchAction\",\"target\":{\"@type\":\"EntryPoint\",\"urlTemplate\":\"https:\/\/old.escoladeesteticaavpaulista.com.br\/v1\/?s={search_term_string}\"},\"query-input\":{\"@type\":\"PropertyValueSpecification\",\"valueRequired\":true,\"valueName\":\"search_term_string\"}}],\"inLanguage\":\"pt-BR\"}]}<\/script>\n<!-- \/ Yoast SEO plugin. -->","yoast_head_json":{"title":"Contato | Escola de Est\u00e9tica Av. Paulista","description":"Aprenda procedimentos est\u00e9ticos na pr\u00e1tica e com quem tem viv\u00eancia na \u00e1rea da beleza e bem-estar. Cursos de curta dura\u00e7\u00e3o, com t\u00e9cnicas aprofundadas, atuais e f\u00e1cil Localiza\u00e7\u00e3o na Avenida Paulista, ao lado do Metr\u00f4 Consola\u00e7\u00e3o.","robots":{"index":"noindex","follow":"follow","max-snippet":"max-snippet:-1","max-image-preview":"max-image-preview:large","max-video-preview":"max-video-preview:-1"},"og_locale":"pt_BR","og_type":"article","og_title":"Contato | Escola de Est\u00e9tica Av. Paulista","og_description":"Aprenda procedimentos est\u00e9ticos na pr\u00e1tica e com quem tem viv\u00eancia na \u00e1rea da beleza e bem-estar. Cursos de curta dura\u00e7\u00e3o, com t\u00e9cnicas aprofundadas, atuais e f\u00e1cil Localiza\u00e7\u00e3o na Avenida Paulista, ao lado do Metr\u00f4 Consola\u00e7\u00e3o.","og_url":"https:\/\/old.escoladeesteticaavpaulista.com.br\/v1\/contato\/","og_site_name":"Escola de Est\u00e9tica Av. Paulista","article_modified_time":"2025-04-26T15:39:16+00:00","twitter_card":"summary_large_image","twitter_misc":{"Est. tempo de leitura":"1 minuto"},"schema":{"@context":"https:\/\/schema.org","@graph":[{"@type":"WebPage","@id":"https:\/\/old.escoladeesteticaavpaulista.com.br\/v1\/contato\/","url":"https:\/\/old.escoladeesteticaavpaulista.com.br\/v1\/contato\/","name":"Contato | Escola de Est\u00e9tica Av. Paulista","isPartOf":{"@id":"https:\/\/old.escoladeesteticaavpaulista.com.br\/v1\/#website"},"datePublished":"2016-02-29T18:59:32+00:00","dateModified":"2025-04-26T15:39:16+00:00","description":"Aprenda procedimentos est\u00e9ticos na pr\u00e1tica e com quem tem viv\u00eancia na \u00e1rea da beleza e bem-estar. Cursos de curta dura\u00e7\u00e3o, com t\u00e9cnicas aprofundadas, atuais e f\u00e1cil Localiza\u00e7\u00e3o na Avenida Paulista, ao lado do Metr\u00f4 Consola\u00e7\u00e3o.","breadcrumb":{"@id":"https:\/\/old.escoladeesteticaavpaulista.com.br\/v1\/contato\/#breadcrumb"},"inLanguage":"pt-BR","potentialAction":[{"@type":"ReadAction","target":["https:\/\/old.escoladeesteticaavpaulista.com.br\/v1\/contato\/"]}]},{"@type":"BreadcrumbList","@id":"https:\/\/old.escoladeesteticaavpaulista.com.br\/v1\/contato\/#breadcrumb","itemListElement":[{"@type":"ListItem","position":1,"name":"Home","item":"https:\/\/old.escoladeesteticaavpaulista.com.br\/v1\/"},{"@type":"ListItem","position":2,"name":"Contato"}]},{"@type":"WebSite","@id":"https:\/\/old.escoladeesteticaavpaulista.com.br\/v1\/#website","url":"https:\/\/old.escoladeesteticaavpaulista.com.br\/v1\/","name":"Escola de Est\u00e9tica Av. Paulista","description":"Escola de Est\u00e9tica Av. Paulista","potentialAction":[{"@type":"SearchAction","target":{"@type":"EntryPoint","urlTemplate":"https:\/\/old.escoladeesteticaavpaulista.com.br\/v1\/?s={search_term_string}"},"query-input":{"@type":"PropertyValueSpecification","valueRequired":true,"valueName":"search_term_string"}}],"inLanguage":"pt-BR"}]}},"_links":{"self":[{"href":"https:\/\/old.escoladeesteticaavpaulista.com.br\/v1\/wp-json\/wp\/v2\/pages\/16","targetHints":{"allow":["GET"]}}],"collection":[{"href":"https:\/\/old.escoladeesteticaavpaulista.com.br\/v1\/wp-json\/wp\/v2\/pages"}],"about":[{"href":"https:\/\/old.escoladeesteticaavpaulista.com.br\/v1\/wp-json\/wp\/v2\/types\/page"}],"author":[{"embeddable":true,"href":"https:\/\/old.escoladeesteticaavpaulista.com.br\/v1\/wp-json\/wp\/v2\/users\/1"}],"replies":[{"embeddable":true,"href":"https:\/\/old.escoladeesteticaavpaulista.com.br\/v1\/wp-json\/wp\/v2\/comments?post=16"}],"version-history":[{"count":17,"href":"https:\/\/old.escoladeesteticaavpaulista.com.br\/v1\/wp-json\/wp\/v2\/pages\/16\/revisions"}],"predecessor-version":[{"id":947,"href":"https:\/\/old.escoladeesteticaavpaulista.com.br\/v1\/wp-json\/wp\/v2\/pages\/16\/revisions\/947"}],"wp:attachment":[{"href":"https:\/\/old.escoladeesteticaavpaulista.com.br\/v1\/wp-json\/wp\/v2\/media?parent=16"}],"curies":[{"name":"wp","href":"https:\/\/api.w.org\/{rel}","templated":true}]}}