{"id":341,"date":"2019-09-09T22:52:00","date_gmt":"2019-09-09T22:52:00","guid":{"rendered":"http:\/\/escoladeesteticaavpaulista.com.br\/?page_id=341"},"modified":"2025-07-31T17:11:33","modified_gmt":"2025-07-31T17:11:33","slug":"agenda","status":"publish","type":"page","link":"https:\/\/old.escoladeesteticaavpaulista.com.br\/v1\/agenda\/","title":{"rendered":"Agenda"},"content":{"rendered":"","protected":false},"excerpt":{"rendered":"","protected":false},"author":2,"featured_media":0,"parent":0,"menu_order":0,"comment_status":"closed","ping_status":"closed","template":"","meta":{"inline_featured_image":false,"footnotes":""},"class_list":["post-341","page","type-page","status-publish","hentry"],"acf":[],"yoast_head":"<!-- This site is optimized with the Yoast SEO plugin v27.2 - https:\/\/yoast.com\/product\/yoast-seo-wordpress\/ -->\n<title>Agenda | Escola de Est\u00e9tica Av. Paulista<\/title>\n<meta name=\"description\" content=\"Agenda: aprenda procedimentos est\u00e9ticos na pr\u00e1tica e com quem tem viv\u00eancia na \u00e1rea da beleza e bem-estar. Cursos de curta dura\u00e7\u00e3o, com t\u00e9cn...\" \/>\n<meta name=\"robots\" content=\"noindex, follow, max-snippet:-1, max-image-preview:large, max-video-preview:-1\" \/>\n<meta property=\"og:locale\" content=\"pt_BR\" \/>\n<meta property=\"og:type\" content=\"article\" \/>\n<meta property=\"og:title\" content=\"Agenda | Escola de Est\u00e9tica Av. Paulista\" \/>\n<meta property=\"og:description\" content=\"Agenda: aprenda procedimentos est\u00e9ticos na pr\u00e1tica e com quem tem viv\u00eancia na \u00e1rea da beleza e bem-estar. Cursos de curta dura\u00e7\u00e3o, com t\u00e9cn...\" \/>\n<meta property=\"og:url\" content=\"https:\/\/old.escoladeesteticaavpaulista.com.br\/v1\/agenda\/\" \/>\n<meta property=\"og:site_name\" content=\"Escola de Est\u00e9tica Av. Paulista\" \/>\n<meta property=\"article:modified_time\" content=\"2025-07-31T17:11:33+00:00\" \/>\n<meta name=\"twitter:card\" content=\"summary_large_image\" \/>\n<script type=\"application\/ld+json\" class=\"yoast-schema-graph\">{\"@context\":\"https:\/\/schema.org\",\"@graph\":[{\"@type\":\"WebPage\",\"@id\":\"https:\/\/old.escoladeesteticaavpaulista.com.br\/v1\/agenda\/\",\"url\":\"https:\/\/old.escoladeesteticaavpaulista.com.br\/v1\/agenda\/\",\"name\":\"Agenda | Escola de Est\u00e9tica Av. Paulista\",\"isPartOf\":{\"@id\":\"https:\/\/old.escoladeesteticaavpaulista.com.br\/v1\/#website\"},\"datePublished\":\"2019-09-09T22:52:00+00:00\",\"dateModified\":\"2025-07-31T17:11:33+00:00\",\"description\":\"Agenda: aprenda procedimentos est\u00e9ticos na pr\u00e1tica e com quem tem viv\u00eancia na \u00e1rea da beleza e bem-estar. Cursos de curta dura\u00e7\u00e3o, com t\u00e9cn...\",\"breadcrumb\":{\"@id\":\"https:\/\/old.escoladeesteticaavpaulista.com.br\/v1\/agenda\/#breadcrumb\"},\"inLanguage\":\"pt-BR\",\"potentialAction\":[{\"@type\":\"ReadAction\",\"target\":[\"https:\/\/old.escoladeesteticaavpaulista.com.br\/v1\/agenda\/\"]}]},{\"@type\":\"BreadcrumbList\",\"@id\":\"https:\/\/old.escoladeesteticaavpaulista.com.br\/v1\/agenda\/#breadcrumb\",\"itemListElement\":[{\"@type\":\"ListItem\",\"position\":1,\"name\":\"Home\",\"item\":\"https:\/\/old.escoladeesteticaavpaulista.com.br\/v1\/\"},{\"@type\":\"ListItem\",\"position\":2,\"name\":\"Agenda\"}]},{\"@type\":\"WebSite\",\"@id\":\"https:\/\/old.escoladeesteticaavpaulista.com.br\/v1\/#website\",\"url\":\"https:\/\/old.escoladeesteticaavpaulista.com.br\/v1\/\",\"name\":\"Escola de Est\u00e9tica Av. Paulista\",\"description\":\"Escola de Est\u00e9tica Av. Paulista\",\"potentialAction\":[{\"@type\":\"SearchAction\",\"target\":{\"@type\":\"EntryPoint\",\"urlTemplate\":\"https:\/\/old.escoladeesteticaavpaulista.com.br\/v1\/?s={search_term_string}\"},\"query-input\":{\"@type\":\"PropertyValueSpecification\",\"valueRequired\":true,\"valueName\":\"search_term_string\"}}],\"inLanguage\":\"pt-BR\"}]}<\/script>\n<!-- \/ Yoast SEO plugin. -->","yoast_head_json":{"title":"Agenda | Escola de Est\u00e9tica Av. Paulista","description":"Agenda: aprenda procedimentos est\u00e9ticos na pr\u00e1tica e com quem tem viv\u00eancia na \u00e1rea da beleza e bem-estar. Cursos de curta dura\u00e7\u00e3o, com t\u00e9cn...","robots":{"index":"noindex","follow":"follow","max-snippet":"max-snippet:-1","max-image-preview":"max-image-preview:large","max-video-preview":"max-video-preview:-1"},"og_locale":"pt_BR","og_type":"article","og_title":"Agenda | Escola de Est\u00e9tica Av. Paulista","og_description":"Agenda: aprenda procedimentos est\u00e9ticos na pr\u00e1tica e com quem tem viv\u00eancia na \u00e1rea da beleza e bem-estar. Cursos de curta dura\u00e7\u00e3o, com t\u00e9cn...","og_url":"https:\/\/old.escoladeesteticaavpaulista.com.br\/v1\/agenda\/","og_site_name":"Escola de Est\u00e9tica Av. Paulista","article_modified_time":"2025-07-31T17:11:33+00:00","twitter_card":"summary_large_image","schema":{"@context":"https:\/\/schema.org","@graph":[{"@type":"WebPage","@id":"https:\/\/old.escoladeesteticaavpaulista.com.br\/v1\/agenda\/","url":"https:\/\/old.escoladeesteticaavpaulista.com.br\/v1\/agenda\/","name":"Agenda | Escola de Est\u00e9tica Av. Paulista","isPartOf":{"@id":"https:\/\/old.escoladeesteticaavpaulista.com.br\/v1\/#website"},"datePublished":"2019-09-09T22:52:00+00:00","dateModified":"2025-07-31T17:11:33+00:00","description":"Agenda: aprenda procedimentos est\u00e9ticos na pr\u00e1tica e com quem tem viv\u00eancia na \u00e1rea da beleza e bem-estar. Cursos de curta dura\u00e7\u00e3o, com t\u00e9cn...","breadcrumb":{"@id":"https:\/\/old.escoladeesteticaavpaulista.com.br\/v1\/agenda\/#breadcrumb"},"inLanguage":"pt-BR","potentialAction":[{"@type":"ReadAction","target":["https:\/\/old.escoladeesteticaavpaulista.com.br\/v1\/agenda\/"]}]},{"@type":"BreadcrumbList","@id":"https:\/\/old.escoladeesteticaavpaulista.com.br\/v1\/agenda\/#breadcrumb","itemListElement":[{"@type":"ListItem","position":1,"name":"Home","item":"https:\/\/old.escoladeesteticaavpaulista.com.br\/v1\/"},{"@type":"ListItem","position":2,"name":"Agenda"}]},{"@type":"WebSite","@id":"https:\/\/old.escoladeesteticaavpaulista.com.br\/v1\/#website","url":"https:\/\/old.escoladeesteticaavpaulista.com.br\/v1\/","name":"Escola de Est\u00e9tica Av. Paulista","description":"Escola de Est\u00e9tica Av. Paulista","potentialAction":[{"@type":"SearchAction","target":{"@type":"EntryPoint","urlTemplate":"https:\/\/old.escoladeesteticaavpaulista.com.br\/v1\/?s={search_term_string}"},"query-input":{"@type":"PropertyValueSpecification","valueRequired":true,"valueName":"search_term_string"}}],"inLanguage":"pt-BR"}]}},"_links":{"self":[{"href":"https:\/\/old.escoladeesteticaavpaulista.com.br\/v1\/wp-json\/wp\/v2\/pages\/341","targetHints":{"allow":["GET"]}}],"collection":[{"href":"https:\/\/old.escoladeesteticaavpaulista.com.br\/v1\/wp-json\/wp\/v2\/pages"}],"about":[{"href":"https:\/\/old.escoladeesteticaavpaulista.com.br\/v1\/wp-json\/wp\/v2\/types\/page"}],"author":[{"embeddable":true,"href":"https:\/\/old.escoladeesteticaavpaulista.com.br\/v1\/wp-json\/wp\/v2\/users\/2"}],"replies":[{"embeddable":true,"href":"https:\/\/old.escoladeesteticaavpaulista.com.br\/v1\/wp-json\/wp\/v2\/comments?post=341"}],"version-history":[{"count":4,"href":"https:\/\/old.escoladeesteticaavpaulista.com.br\/v1\/wp-json\/wp\/v2\/pages\/341\/revisions"}],"predecessor-version":[{"id":598,"href":"https:\/\/old.escoladeesteticaavpaulista.com.br\/v1\/wp-json\/wp\/v2\/pages\/341\/revisions\/598"}],"wp:attachment":[{"href":"https:\/\/old.escoladeesteticaavpaulista.com.br\/v1\/wp-json\/wp\/v2\/media?parent=341"}],"curies":[{"name":"wp","href":"https:\/\/api.w.org\/{rel}","templated":true}]}}