{"id":7,"date":"2016-02-29T18:57:54","date_gmt":"2016-02-29T18:57:54","guid":{"rendered":"http:\/\/escoladeesteticaavpaulista.com.br\/?page_id=7"},"modified":"2025-07-31T17:16:25","modified_gmt":"2025-07-31T17:16:25","slug":"escola-de-estetica-av-paulista","status":"publish","type":"page","link":"https:\/\/old.escoladeesteticaavpaulista.com.br\/v1\/escola-de-estetica-av-paulista\/","title":{"rendered":"Escola de Est\u00e9tica Av. Paulista"},"content":{"rendered":"<p><img loading=\"lazy\" decoding=\"async\" width=\"2000\" height=\"384\" class=\"alignnone wp-image-751 size-full img-responsive \" src=\"http:\/\/escoladeesteticaavpaulista.com.br\/wp-content\/uploads\/2020\/10\/quem-somos01-1.jpg\" alt=\"\" srcset=\"https:\/\/old.escoladeesteticaavpaulista.com.br\/v1\/wp-content\/uploads\/2020\/10\/quem-somos01-1.jpg 2000w, https:\/\/old.escoladeesteticaavpaulista.com.br\/v1\/wp-content\/uploads\/2020\/10\/quem-somos01-1-768x147.jpg 768w, https:\/\/old.escoladeesteticaavpaulista.com.br\/v1\/wp-content\/uploads\/2020\/10\/quem-somos01-1-1536x295.jpg 1536w\" sizes=\"auto, (max-width: 2000px) 100vw, 2000px\" \/><\/p>\n<p>O mercado da beleza est\u00e1 em alta e muitas t\u00e9cnicas e procedimentos s\u00e3o lan\u00e7ados todos os meses com o intuito de proporcionar bem-estar e promover a autoestima e valoriza\u00e7\u00e3o pessoal.<\/p>\n<p>Pensando nisso, a Escola de Est\u00e9tica <span style=\"font-weight: 400;\">Av. <\/span>Paulista busca capacitar profissionais e empreendedores no segmento da est\u00e9tica e beleza com as principais novidades do mercado.<\/p>\n<p>Oferecemos cursos r\u00e1pidos e pr\u00e1ticos de diferentes \u00e1reas de atua\u00e7\u00e3o, com aulas din\u00e2micas, hor\u00e1rios flex\u00edveis e todo o suporte necess\u00e1rio para voc\u00ea se tornar um profissional de alto n\u00edvel, aperfei\u00e7oar os seus conhecimentos ou iniciar em uma nova \u00e1rea de atua\u00e7\u00e3o.<\/p>\n","protected":false},"excerpt":{"rendered":"<p>A cl\u00ednica Art Medicina \u00e9 fruto da uni\u00e3o de cinco dos maiores especialistas em reprodu\u00e7\u00e3o humana assistida do Brasil. Conhe\u00e7a nossa hist\u00f3ria!<\/p>\n","protected":false},"author":1,"featured_media":0,"parent":0,"menu_order":0,"comment_status":"closed","ping_status":"closed","template":"","meta":{"inline_featured_image":false,"footnotes":""},"class_list":["post-7","page","type-page","status-publish","hentry"],"acf":[],"yoast_head":"<!-- This site is optimized with the Yoast SEO plugin v27.2 - https:\/\/yoast.com\/product\/yoast-seo-wordpress\/ -->\n<title>Escola de Est\u00e9tica Av. Paulista | Escola de Est\u00e9tica Av. Paulista<\/title>\n<meta name=\"description\" content=\"Escola de Est\u00e9tica Av. Paulista: Aprenda procedimentos est\u00e9ticos na pr\u00e1tica e com quem tem viv\u00eancia na \u00e1rea da beleza e bem-estar. Cursos...\" \/>\n<meta name=\"robots\" content=\"noindex, follow, max-snippet:-1, max-image-preview:large, max-video-preview:-1\" \/>\n<meta property=\"og:locale\" content=\"pt_BR\" \/>\n<meta property=\"og:type\" content=\"article\" \/>\n<meta property=\"og:title\" content=\"Escola de Est\u00e9tica Av. Paulista | Escola de Est\u00e9tica Av. Paulista\" \/>\n<meta property=\"og:description\" content=\"Escola de Est\u00e9tica Av. Paulista: Aprenda procedimentos est\u00e9ticos na pr\u00e1tica e com quem tem viv\u00eancia na \u00e1rea da beleza e bem-estar. Cursos...\" \/>\n<meta property=\"og:url\" content=\"https:\/\/old.escoladeesteticaavpaulista.com.br\/v1\/escola-de-estetica-av-paulista\/\" \/>\n<meta property=\"og:site_name\" content=\"Escola de Est\u00e9tica Av. Paulista\" \/>\n<meta property=\"article:modified_time\" content=\"2025-07-31T17:16:25+00:00\" \/>\n<meta property=\"og:image\" content=\"http:\/\/escoladeesteticaavpaulista.com.br\/wp-content\/uploads\/2020\/10\/quem-somos01-1.jpg\" \/>\n<meta name=\"twitter:card\" content=\"summary_large_image\" \/>\n<meta name=\"twitter:label1\" content=\"Est. tempo de leitura\" \/>\n\t<meta name=\"twitter:data1\" content=\"1 minuto\" \/>\n<script type=\"application\/ld+json\" class=\"yoast-schema-graph\">{\"@context\":\"https:\/\/schema.org\",\"@graph\":[{\"@type\":\"WebPage\",\"@id\":\"https:\/\/old.escoladeesteticaavpaulista.com.br\/v1\/escola-de-estetica-av-paulista\/\",\"url\":\"https:\/\/old.escoladeesteticaavpaulista.com.br\/v1\/escola-de-estetica-av-paulista\/\",\"name\":\"Escola de Est\u00e9tica Av. Paulista | Escola de Est\u00e9tica Av. Paulista\",\"isPartOf\":{\"@id\":\"https:\/\/old.escoladeesteticaavpaulista.com.br\/v1\/#website\"},\"primaryImageOfPage\":{\"@id\":\"https:\/\/old.escoladeesteticaavpaulista.com.br\/v1\/escola-de-estetica-av-paulista\/#primaryimage\"},\"image\":{\"@id\":\"https:\/\/old.escoladeesteticaavpaulista.com.br\/v1\/escola-de-estetica-av-paulista\/#primaryimage\"},\"thumbnailUrl\":\"http:\/\/escoladeesteticaavpaulista.com.br\/wp-content\/uploads\/2020\/10\/quem-somos01-1.jpg\",\"datePublished\":\"2016-02-29T18:57:54+00:00\",\"dateModified\":\"2025-07-31T17:16:25+00:00\",\"description\":\"Escola de Est\u00e9tica Av. Paulista: Aprenda procedimentos est\u00e9ticos na pr\u00e1tica e com quem tem viv\u00eancia na \u00e1rea da beleza e bem-estar. Cursos...\",\"breadcrumb\":{\"@id\":\"https:\/\/old.escoladeesteticaavpaulista.com.br\/v1\/escola-de-estetica-av-paulista\/#breadcrumb\"},\"inLanguage\":\"pt-BR\",\"potentialAction\":[{\"@type\":\"ReadAction\",\"target\":[\"https:\/\/old.escoladeesteticaavpaulista.com.br\/v1\/escola-de-estetica-av-paulista\/\"]}]},{\"@type\":\"ImageObject\",\"inLanguage\":\"pt-BR\",\"@id\":\"https:\/\/old.escoladeesteticaavpaulista.com.br\/v1\/escola-de-estetica-av-paulista\/#primaryimage\",\"url\":\"http:\/\/escoladeesteticaavpaulista.com.br\/wp-content\/uploads\/2020\/10\/quem-somos01-1.jpg\",\"contentUrl\":\"http:\/\/escoladeesteticaavpaulista.com.br\/wp-content\/uploads\/2020\/10\/quem-somos01-1.jpg\"},{\"@type\":\"BreadcrumbList\",\"@id\":\"https:\/\/old.escoladeesteticaavpaulista.com.br\/v1\/escola-de-estetica-av-paulista\/#breadcrumb\",\"itemListElement\":[{\"@type\":\"ListItem\",\"position\":1,\"name\":\"Home\",\"item\":\"https:\/\/old.escoladeesteticaavpaulista.com.br\/v1\/\"},{\"@type\":\"ListItem\",\"position\":2,\"name\":\"Escola de Est\u00e9tica Av. Paulista\"}]},{\"@type\":\"WebSite\",\"@id\":\"https:\/\/old.escoladeesteticaavpaulista.com.br\/v1\/#website\",\"url\":\"https:\/\/old.escoladeesteticaavpaulista.com.br\/v1\/\",\"name\":\"Escola de Est\u00e9tica Av. Paulista\",\"description\":\"Escola de Est\u00e9tica Av. Paulista\",\"potentialAction\":[{\"@type\":\"SearchAction\",\"target\":{\"@type\":\"EntryPoint\",\"urlTemplate\":\"https:\/\/old.escoladeesteticaavpaulista.com.br\/v1\/?s={search_term_string}\"},\"query-input\":{\"@type\":\"PropertyValueSpecification\",\"valueRequired\":true,\"valueName\":\"search_term_string\"}}],\"inLanguage\":\"pt-BR\"}]}<\/script>\n<!-- \/ Yoast SEO plugin. -->","yoast_head_json":{"title":"Escola de Est\u00e9tica Av. Paulista | Escola de Est\u00e9tica Av. Paulista","description":"Escola de Est\u00e9tica Av. Paulista: Aprenda procedimentos est\u00e9ticos na pr\u00e1tica e com quem tem viv\u00eancia na \u00e1rea da beleza e bem-estar. Cursos...","robots":{"index":"noindex","follow":"follow","max-snippet":"max-snippet:-1","max-image-preview":"max-image-preview:large","max-video-preview":"max-video-preview:-1"},"og_locale":"pt_BR","og_type":"article","og_title":"Escola de Est\u00e9tica Av. Paulista | Escola de Est\u00e9tica Av. Paulista","og_description":"Escola de Est\u00e9tica Av. Paulista: Aprenda procedimentos est\u00e9ticos na pr\u00e1tica e com quem tem viv\u00eancia na \u00e1rea da beleza e bem-estar. Cursos...","og_url":"https:\/\/old.escoladeesteticaavpaulista.com.br\/v1\/escola-de-estetica-av-paulista\/","og_site_name":"Escola de Est\u00e9tica Av. Paulista","article_modified_time":"2025-07-31T17:16:25+00:00","og_image":[{"url":"http:\/\/escoladeesteticaavpaulista.com.br\/wp-content\/uploads\/2020\/10\/quem-somos01-1.jpg","type":"","width":"","height":""}],"twitter_card":"summary_large_image","twitter_misc":{"Est. tempo de leitura":"1 minuto"},"schema":{"@context":"https:\/\/schema.org","@graph":[{"@type":"WebPage","@id":"https:\/\/old.escoladeesteticaavpaulista.com.br\/v1\/escola-de-estetica-av-paulista\/","url":"https:\/\/old.escoladeesteticaavpaulista.com.br\/v1\/escola-de-estetica-av-paulista\/","name":"Escola de Est\u00e9tica Av. Paulista | Escola de Est\u00e9tica Av. Paulista","isPartOf":{"@id":"https:\/\/old.escoladeesteticaavpaulista.com.br\/v1\/#website"},"primaryImageOfPage":{"@id":"https:\/\/old.escoladeesteticaavpaulista.com.br\/v1\/escola-de-estetica-av-paulista\/#primaryimage"},"image":{"@id":"https:\/\/old.escoladeesteticaavpaulista.com.br\/v1\/escola-de-estetica-av-paulista\/#primaryimage"},"thumbnailUrl":"http:\/\/escoladeesteticaavpaulista.com.br\/wp-content\/uploads\/2020\/10\/quem-somos01-1.jpg","datePublished":"2016-02-29T18:57:54+00:00","dateModified":"2025-07-31T17:16:25+00:00","description":"Escola de Est\u00e9tica Av. Paulista: Aprenda procedimentos est\u00e9ticos na pr\u00e1tica e com quem tem viv\u00eancia na \u00e1rea da beleza e bem-estar. Cursos...","breadcrumb":{"@id":"https:\/\/old.escoladeesteticaavpaulista.com.br\/v1\/escola-de-estetica-av-paulista\/#breadcrumb"},"inLanguage":"pt-BR","potentialAction":[{"@type":"ReadAction","target":["https:\/\/old.escoladeesteticaavpaulista.com.br\/v1\/escola-de-estetica-av-paulista\/"]}]},{"@type":"ImageObject","inLanguage":"pt-BR","@id":"https:\/\/old.escoladeesteticaavpaulista.com.br\/v1\/escola-de-estetica-av-paulista\/#primaryimage","url":"http:\/\/escoladeesteticaavpaulista.com.br\/wp-content\/uploads\/2020\/10\/quem-somos01-1.jpg","contentUrl":"http:\/\/escoladeesteticaavpaulista.com.br\/wp-content\/uploads\/2020\/10\/quem-somos01-1.jpg"},{"@type":"BreadcrumbList","@id":"https:\/\/old.escoladeesteticaavpaulista.com.br\/v1\/escola-de-estetica-av-paulista\/#breadcrumb","itemListElement":[{"@type":"ListItem","position":1,"name":"Home","item":"https:\/\/old.escoladeesteticaavpaulista.com.br\/v1\/"},{"@type":"ListItem","position":2,"name":"Escola de Est\u00e9tica Av. Paulista"}]},{"@type":"WebSite","@id":"https:\/\/old.escoladeesteticaavpaulista.com.br\/v1\/#website","url":"https:\/\/old.escoladeesteticaavpaulista.com.br\/v1\/","name":"Escola de Est\u00e9tica Av. Paulista","description":"Escola de Est\u00e9tica Av. Paulista","potentialAction":[{"@type":"SearchAction","target":{"@type":"EntryPoint","urlTemplate":"https:\/\/old.escoladeesteticaavpaulista.com.br\/v1\/?s={search_term_string}"},"query-input":{"@type":"PropertyValueSpecification","valueRequired":true,"valueName":"search_term_string"}}],"inLanguage":"pt-BR"}]}},"_links":{"self":[{"href":"https:\/\/old.escoladeesteticaavpaulista.com.br\/v1\/wp-json\/wp\/v2\/pages\/7","targetHints":{"allow":["GET"]}}],"collection":[{"href":"https:\/\/old.escoladeesteticaavpaulista.com.br\/v1\/wp-json\/wp\/v2\/pages"}],"about":[{"href":"https:\/\/old.escoladeesteticaavpaulista.com.br\/v1\/wp-json\/wp\/v2\/types\/page"}],"author":[{"embeddable":true,"href":"https:\/\/old.escoladeesteticaavpaulista.com.br\/v1\/wp-json\/wp\/v2\/users\/1"}],"replies":[{"embeddable":true,"href":"https:\/\/old.escoladeesteticaavpaulista.com.br\/v1\/wp-json\/wp\/v2\/comments?post=7"}],"version-history":[{"count":75,"href":"https:\/\/old.escoladeesteticaavpaulista.com.br\/v1\/wp-json\/wp\/v2\/pages\/7\/revisions"}],"predecessor-version":[{"id":752,"href":"https:\/\/old.escoladeesteticaavpaulista.com.br\/v1\/wp-json\/wp\/v2\/pages\/7\/revisions\/752"}],"wp:attachment":[{"href":"https:\/\/old.escoladeesteticaavpaulista.com.br\/v1\/wp-json\/wp\/v2\/media?parent=7"}],"curies":[{"name":"wp","href":"https:\/\/api.w.org\/{rel}","templated":true}]}}